{"id":136,"date":"2022-07-18T15:41:29","date_gmt":"2022-07-18T13:41:29","guid":{"rendered":"https:\/\/kulturasmaku.pl\/kariera\/?page_id=136"},"modified":"2022-07-29T10:14:27","modified_gmt":"2022-07-29T08:14:27","slug":"oferty-pracy","status":"publish","type":"page","link":"https:\/\/kulturasmaku.pl\/kariera\/oferty-pracy\/","title":{"rendered":"Oferty pracy"},"content":{"rendered":"","protected":false},"excerpt":{"rendered":"","protected":false},"author":2,"featured_media":390,"parent":0,"menu_order":0,"comment_status":"closed","ping_status":"closed","template":"","meta":{"footnotes":""},"class_list":["post-136","page","type-page","status-publish","has-post-thumbnail","hentry"],"yoast_head":"<!-- This site is optimized with the Yoast SEO plugin v26.8 - https:\/\/yoast.com\/product\/yoast-seo-wordpress\/ -->\n<title>Oferty pracy - Kultura Smaku<\/title>\n<meta name=\"description\" content=\"Jeste\u015b gotowy na nowe wyzwania? Zobacz na jakie stanowiska aktualnie rekrutujemy. Nie mo\u017cemy ju\u017c si\u0119 doczeka\u0107, \u017ceby Ci\u0119 pozna\u0107!\" \/>\n<meta name=\"robots\" content=\"index, follow, max-snippet:-1, max-image-preview:large, max-video-preview:-1\" \/>\n<link rel=\"canonical\" href=\"https:\/\/kulturasmaku.pl\/kariera\/oferty-pracy\/\" \/>\n<meta property=\"og:locale\" content=\"pl_PL\" \/>\n<meta property=\"og:type\" content=\"article\" \/>\n<meta property=\"og:title\" content=\"Oferty pracy - Kultura Smaku\" \/>\n<meta property=\"og:description\" content=\"Jeste\u015b gotowy na nowe wyzwania? Zobacz na jakie stanowiska aktualnie rekrutujemy. Nie mo\u017cemy ju\u017c si\u0119 doczeka\u0107, \u017ceby Ci\u0119 pozna\u0107!\" \/>\n<meta property=\"og:url\" content=\"https:\/\/kulturasmaku.pl\/kariera\/oferty-pracy\/\" \/>\n<meta property=\"og:site_name\" content=\"Kultura Smaku\" \/>\n<meta property=\"article:modified_time\" content=\"2022-07-29T08:14:27+00:00\" \/>\n<meta property=\"og:image\" content=\"https:\/\/kulturasmaku.pl\/kariera\/wp-content\/uploads\/2022\/07\/kultura-smaku-kariera-praca-sklep-gdynia-orlowo-pracownik-dzialu-obslugi-klienta-warszawa.jpg\" \/>\n\t<meta property=\"og:image:width\" content=\"1920\" \/>\n\t<meta property=\"og:image:height\" content=\"1091\" \/>\n\t<meta property=\"og:image:type\" content=\"image\/jpeg\" \/>\n<meta name=\"twitter:card\" content=\"summary_large_image\" \/>\n<script type=\"application\/ld+json\" class=\"yoast-schema-graph\">{\"@context\":\"https:\/\/schema.org\",\"@graph\":[{\"@type\":\"WebPage\",\"@id\":\"https:\/\/kulturasmaku.pl\/kariera\/oferty-pracy\/\",\"url\":\"https:\/\/kulturasmaku.pl\/kariera\/oferty-pracy\/\",\"name\":\"Oferty pracy - Kultura Smaku\",\"isPartOf\":{\"@id\":\"https:\/\/kulturasmaku.pl\/kariera\/#website\"},\"primaryImageOfPage\":{\"@id\":\"https:\/\/kulturasmaku.pl\/kariera\/oferty-pracy\/#primaryimage\"},\"image\":{\"@id\":\"https:\/\/kulturasmaku.pl\/kariera\/oferty-pracy\/#primaryimage\"},\"thumbnailUrl\":\"https:\/\/kulturasmaku.pl\/kariera\/wp-content\/uploads\/2022\/07\/kultura-smaku-kariera-praca-sklep-gdynia-orlowo-pracownik-dzialu-obslugi-klienta-warszawa.jpg\",\"datePublished\":\"2022-07-18T13:41:29+00:00\",\"dateModified\":\"2022-07-29T08:14:27+00:00\",\"description\":\"Jeste\u015b gotowy na nowe wyzwania? Zobacz na jakie stanowiska aktualnie rekrutujemy. Nie mo\u017cemy ju\u017c si\u0119 doczeka\u0107, \u017ceby Ci\u0119 pozna\u0107!\",\"breadcrumb\":{\"@id\":\"https:\/\/kulturasmaku.pl\/kariera\/oferty-pracy\/#breadcrumb\"},\"inLanguage\":\"pl-PL\",\"potentialAction\":[{\"@type\":\"ReadAction\",\"target\":[\"https:\/\/kulturasmaku.pl\/kariera\/oferty-pracy\/\"]}]},{\"@type\":\"ImageObject\",\"inLanguage\":\"pl-PL\",\"@id\":\"https:\/\/kulturasmaku.pl\/kariera\/oferty-pracy\/#primaryimage\",\"url\":\"https:\/\/kulturasmaku.pl\/kariera\/wp-content\/uploads\/2022\/07\/kultura-smaku-kariera-praca-sklep-gdynia-orlowo-pracownik-dzialu-obslugi-klienta-warszawa.jpg\",\"contentUrl\":\"https:\/\/kulturasmaku.pl\/kariera\/wp-content\/uploads\/2022\/07\/kultura-smaku-kariera-praca-sklep-gdynia-orlowo-pracownik-dzialu-obslugi-klienta-warszawa.jpg\",\"width\":1920,\"height\":1091},{\"@type\":\"BreadcrumbList\",\"@id\":\"https:\/\/kulturasmaku.pl\/kariera\/oferty-pracy\/#breadcrumb\",\"itemListElement\":[{\"@type\":\"ListItem\",\"position\":1,\"name\":\"Strona g\u0142\u00f3wna\",\"item\":\"https:\/\/kulturasmaku.pl\/kariera\/\"},{\"@type\":\"ListItem\",\"position\":2,\"name\":\"Oferty pracy\"}]},{\"@type\":\"WebSite\",\"@id\":\"https:\/\/kulturasmaku.pl\/kariera\/#website\",\"url\":\"https:\/\/kulturasmaku.pl\/kariera\/\",\"name\":\"Kultura Smaku\",\"description\":\"#do\u0142\u0105czdokultury\",\"potentialAction\":[{\"@type\":\"SearchAction\",\"target\":{\"@type\":\"EntryPoint\",\"urlTemplate\":\"https:\/\/kulturasmaku.pl\/kariera\/?s={search_term_string}\"},\"query-input\":{\"@type\":\"PropertyValueSpecification\",\"valueRequired\":true,\"valueName\":\"search_term_string\"}}],\"inLanguage\":\"pl-PL\"}]}<\/script>\n<!-- \/ Yoast SEO plugin. -->","yoast_head_json":{"title":"Oferty pracy - Kultura Smaku","description":"Jeste\u015b gotowy na nowe wyzwania? Zobacz na jakie stanowiska aktualnie rekrutujemy. Nie mo\u017cemy ju\u017c si\u0119 doczeka\u0107, \u017ceby Ci\u0119 pozna\u0107!","robots":{"index":"index","follow":"follow","max-snippet":"max-snippet:-1","max-image-preview":"max-image-preview:large","max-video-preview":"max-video-preview:-1"},"canonical":"https:\/\/kulturasmaku.pl\/kariera\/oferty-pracy\/","og_locale":"pl_PL","og_type":"article","og_title":"Oferty pracy - Kultura Smaku","og_description":"Jeste\u015b gotowy na nowe wyzwania? Zobacz na jakie stanowiska aktualnie rekrutujemy. Nie mo\u017cemy ju\u017c si\u0119 doczeka\u0107, \u017ceby Ci\u0119 pozna\u0107!","og_url":"https:\/\/kulturasmaku.pl\/kariera\/oferty-pracy\/","og_site_name":"Kultura Smaku","article_modified_time":"2022-07-29T08:14:27+00:00","og_image":[{"width":1920,"height":1091,"url":"https:\/\/kulturasmaku.pl\/kariera\/wp-content\/uploads\/2022\/07\/kultura-smaku-kariera-praca-sklep-gdynia-orlowo-pracownik-dzialu-obslugi-klienta-warszawa.jpg","type":"image\/jpeg"}],"twitter_card":"summary_large_image","schema":{"@context":"https:\/\/schema.org","@graph":[{"@type":"WebPage","@id":"https:\/\/kulturasmaku.pl\/kariera\/oferty-pracy\/","url":"https:\/\/kulturasmaku.pl\/kariera\/oferty-pracy\/","name":"Oferty pracy - Kultura Smaku","isPartOf":{"@id":"https:\/\/kulturasmaku.pl\/kariera\/#website"},"primaryImageOfPage":{"@id":"https:\/\/kulturasmaku.pl\/kariera\/oferty-pracy\/#primaryimage"},"image":{"@id":"https:\/\/kulturasmaku.pl\/kariera\/oferty-pracy\/#primaryimage"},"thumbnailUrl":"https:\/\/kulturasmaku.pl\/kariera\/wp-content\/uploads\/2022\/07\/kultura-smaku-kariera-praca-sklep-gdynia-orlowo-pracownik-dzialu-obslugi-klienta-warszawa.jpg","datePublished":"2022-07-18T13:41:29+00:00","dateModified":"2022-07-29T08:14:27+00:00","description":"Jeste\u015b gotowy na nowe wyzwania? Zobacz na jakie stanowiska aktualnie rekrutujemy. Nie mo\u017cemy ju\u017c si\u0119 doczeka\u0107, \u017ceby Ci\u0119 pozna\u0107!","breadcrumb":{"@id":"https:\/\/kulturasmaku.pl\/kariera\/oferty-pracy\/#breadcrumb"},"inLanguage":"pl-PL","potentialAction":[{"@type":"ReadAction","target":["https:\/\/kulturasmaku.pl\/kariera\/oferty-pracy\/"]}]},{"@type":"ImageObject","inLanguage":"pl-PL","@id":"https:\/\/kulturasmaku.pl\/kariera\/oferty-pracy\/#primaryimage","url":"https:\/\/kulturasmaku.pl\/kariera\/wp-content\/uploads\/2022\/07\/kultura-smaku-kariera-praca-sklep-gdynia-orlowo-pracownik-dzialu-obslugi-klienta-warszawa.jpg","contentUrl":"https:\/\/kulturasmaku.pl\/kariera\/wp-content\/uploads\/2022\/07\/kultura-smaku-kariera-praca-sklep-gdynia-orlowo-pracownik-dzialu-obslugi-klienta-warszawa.jpg","width":1920,"height":1091},{"@type":"BreadcrumbList","@id":"https:\/\/kulturasmaku.pl\/kariera\/oferty-pracy\/#breadcrumb","itemListElement":[{"@type":"ListItem","position":1,"name":"Strona g\u0142\u00f3wna","item":"https:\/\/kulturasmaku.pl\/kariera\/"},{"@type":"ListItem","position":2,"name":"Oferty pracy"}]},{"@type":"WebSite","@id":"https:\/\/kulturasmaku.pl\/kariera\/#website","url":"https:\/\/kulturasmaku.pl\/kariera\/","name":"Kultura Smaku","description":"#do\u0142\u0105czdokultury","potentialAction":[{"@type":"SearchAction","target":{"@type":"EntryPoint","urlTemplate":"https:\/\/kulturasmaku.pl\/kariera\/?s={search_term_string}"},"query-input":{"@type":"PropertyValueSpecification","valueRequired":true,"valueName":"search_term_string"}}],"inLanguage":"pl-PL"}]}},"_links":{"self":[{"href":"https:\/\/kulturasmaku.pl\/kariera\/wp-json\/wp\/v2\/pages\/136","targetHints":{"allow":["GET"]}}],"collection":[{"href":"https:\/\/kulturasmaku.pl\/kariera\/wp-json\/wp\/v2\/pages"}],"about":[{"href":"https:\/\/kulturasmaku.pl\/kariera\/wp-json\/wp\/v2\/types\/page"}],"author":[{"embeddable":true,"href":"https:\/\/kulturasmaku.pl\/kariera\/wp-json\/wp\/v2\/users\/2"}],"replies":[{"embeddable":true,"href":"https:\/\/kulturasmaku.pl\/kariera\/wp-json\/wp\/v2\/comments?post=136"}],"version-history":[{"count":20,"href":"https:\/\/kulturasmaku.pl\/kariera\/wp-json\/wp\/v2\/pages\/136\/revisions"}],"predecessor-version":[{"id":391,"href":"https:\/\/kulturasmaku.pl\/kariera\/wp-json\/wp\/v2\/pages\/136\/revisions\/391"}],"wp:featuredmedia":[{"embeddable":true,"href":"https:\/\/kulturasmaku.pl\/kariera\/wp-json\/wp\/v2\/media\/390"}],"wp:attachment":[{"href":"https:\/\/kulturasmaku.pl\/kariera\/wp-json\/wp\/v2\/media?parent=136"}],"curies":[{"name":"wp","href":"https:\/\/api.w.org\/{rel}","templated":true}]}}